{"id":834,"date":"2024-09-17T15:24:49","date_gmt":"2024-09-17T15:24:49","guid":{"rendered":"https:\/\/hallehilfthaiti.com\/?page_id=834"},"modified":"2025-09-24T10:43:37","modified_gmt":"2025-09-24T10:43:37","slug":"aktuelles","status":"publish","type":"page","link":"https:\/\/hallehilfthaiti.com\/?page_id=834","title":{"rendered":"Aktuelles"},"content":{"rendered":"<ul class=\"wp-block-latest-posts__list wp-block-latest-posts\"><\/ul>\n\n\n<h2>2024 und 2025 viel ist passiert<\/h2>\n\n\n\n<p>Wir konnten in diesen 2 Jahren viel erreichen.  R\u00e4umlichkeiten f\u00fcr ein Dentallabor wurden errichtet und konnten mit Arbeitstischen und Dentalger\u00e4ten ausgestattet werden. Die Ausbildung begann im Januar 24 vor Ort und auch in Halle Saale. Dazu wurde Starlink montiert f\u00fcr eine Konferenzschaltung zwischen Cap Haitien und Halle Saale.<\/p>\n\n\n\n<figure class=\"wp-block-gallery has-nested-images columns-default is-cropped\">\n<figure class=\"wp-block-image size-large\"><img loading=\"lazy\" width=\"960\" height=\"1280\" data-id=\"1014\"  src=\"https:\/\/hallehilfthaiti.com\/wp-content\/uploads\/2025\/09\/IMG-20240109-WA0014-2.jpg\" alt=\"\" class=\"wp-image-1014\" srcset=\"https:\/\/hallehilfthaiti.com\/wp-content\/uploads\/2025\/09\/IMG-20240109-WA0014-2.jpg 960w, https:\/\/hallehilfthaiti.com\/wp-content\/uploads\/2025\/09\/IMG-20240109-WA0014-2-225x300.jpg 225w, https:\/\/hallehilfthaiti.com\/wp-content\/uploads\/2025\/09\/IMG-20240109-WA0014-2-768x1024.jpg 768w\" sizes=\"(max-width: 960px) 100vw, 960px\" \/><\/figure>\n\n\n\n<figure class=\"wp-block-image size-large\"><img loading=\"lazy\" width=\"960\" height=\"1280\" data-id=\"1015\"  src=\"https:\/\/hallehilfthaiti.com\/wp-content\/uploads\/2025\/09\/IMG-20240109-WA0004.jpg\" alt=\"\" class=\"wp-image-1015\" srcset=\"https:\/\/hallehilfthaiti.com\/wp-content\/uploads\/2025\/09\/IMG-20240109-WA0004.jpg 960w, https:\/\/hallehilfthaiti.com\/wp-content\/uploads\/2025\/09\/IMG-20240109-WA0004-225x300.jpg 225w, https:\/\/hallehilfthaiti.com\/wp-content\/uploads\/2025\/09\/IMG-20240109-WA0004-768x1024.jpg 768w\" sizes=\"(max-width: 960px) 100vw, 960px\" \/><\/figure>\n\n\n\n<figure class=\"wp-block-image size-large\"><img loading=\"lazy\" width=\"2560\" height=\"1920\" data-id=\"1016\"  src=\"https:\/\/hallehilfthaiti.com\/wp-content\/uploads\/2025\/09\/IMG_20240113_210801-1-scaled.jpg\" alt=\"\" class=\"wp-image-1016\" srcset=\"https:\/\/hallehilfthaiti.com\/wp-content\/uploads\/2025\/09\/IMG_20240113_210801-1-scaled.jpg 2560w, https:\/\/hallehilfthaiti.com\/wp-content\/uploads\/2025\/09\/IMG_20240113_210801-1-300x225.jpg 300w, https:\/\/hallehilfthaiti.com\/wp-content\/uploads\/2025\/09\/IMG_20240113_210801-1-1024x768.jpg 1024w, https:\/\/hallehilfthaiti.com\/wp-content\/uploads\/2025\/09\/IMG_20240113_210801-1-768x576.jpg 768w, https:\/\/hallehilfthaiti.com\/wp-content\/uploads\/2025\/09\/IMG_20240113_210801-1-1536x1152.jpg 1536w, https:\/\/hallehilfthaiti.com\/wp-content\/uploads\/2025\/09\/IMG_20240113_210801-1-2048x1536.jpg 2048w, https:\/\/hallehilfthaiti.com\/wp-content\/uploads\/2025\/09\/IMG_20240113_210801-1-285x214.jpg 285w\" sizes=\"(max-width: 2560px) 100vw, 2560px\" \/><\/figure>\n<figcaption class=\"blocks-gallery-caption\">Bau und Einrichten des Dentallabores im Institut Notre Dame de la Medaille Miracleuse <\/figcaption><\/figure>\n\n\n\n<figure class=\"wp-block-gallery has-nested-images columns-default is-cropped\">\n<figure class=\"wp-block-image size-large\"><img loading=\"lazy\" width=\"2560\" height=\"1155\" data-id=\"1024\"  src=\"https:\/\/hallehilfthaiti.com\/wp-content\/uploads\/2025\/09\/IMG_20250526_103704-4-scaled.jpg\" alt=\"\" class=\"wp-image-1024\" srcset=\"https:\/\/hallehilfthaiti.com\/wp-content\/uploads\/2025\/09\/IMG_20250526_103704-4-scaled.jpg 2560w, https:\/\/hallehilfthaiti.com\/wp-content\/uploads\/2025\/09\/IMG_20250526_103704-4-300x135.jpg 300w, https:\/\/hallehilfthaiti.com\/wp-content\/uploads\/2025\/09\/IMG_20250526_103704-4-1024x462.jpg 1024w, https:\/\/hallehilfthaiti.com\/wp-content\/uploads\/2025\/09\/IMG_20250526_103704-4-768x346.jpg 768w, https:\/\/hallehilfthaiti.com\/wp-content\/uploads\/2025\/09\/IMG_20250526_103704-4-1536x693.jpg 1536w, https:\/\/hallehilfthaiti.com\/wp-content\/uploads\/2025\/09\/IMG_20250526_103704-4-2048x924.jpg 2048w\" sizes=\"(max-width: 2560px) 100vw, 2560px\" \/><\/figure>\n\n\n\n<figure class=\"wp-block-image size-large\"><img loading=\"lazy\" width=\"1928\" height=\"2560\" data-id=\"1020\"  src=\"https:\/\/hallehilfthaiti.com\/wp-content\/uploads\/2025\/09\/1739295009258-3-scaled.jpg\" alt=\"\" class=\"wp-image-1020\" srcset=\"https:\/\/hallehilfthaiti.com\/wp-content\/uploads\/2025\/09\/1739295009258-3-scaled.jpg 1928w, https:\/\/hallehilfthaiti.com\/wp-content\/uploads\/2025\/09\/1739295009258-3-226x300.jpg 226w, https:\/\/hallehilfthaiti.com\/wp-content\/uploads\/2025\/09\/1739295009258-3-771x1024.jpg 771w, https:\/\/hallehilfthaiti.com\/wp-content\/uploads\/2025\/09\/1739295009258-3-768x1020.jpg 768w, https:\/\/hallehilfthaiti.com\/wp-content\/uploads\/2025\/09\/1739295009258-3-1157x1536.jpg 1157w, https:\/\/hallehilfthaiti.com\/wp-content\/uploads\/2025\/09\/1739295009258-3-1542x2048.jpg 1542w\" sizes=\"(max-width: 1928px) 100vw, 1928px\" \/><\/figure>\n\n\n\n<figure class=\"wp-block-image size-large\"><img loading=\"lazy\" width=\"2560\" height=\"1928\" data-id=\"1006\"  src=\"https:\/\/hallehilfthaiti.com\/wp-content\/uploads\/2025\/09\/1739292900308-2-scaled.jpg\" alt=\"\" class=\"wp-image-1006\" srcset=\"https:\/\/hallehilfthaiti.com\/wp-content\/uploads\/2025\/09\/1739292900308-2-scaled.jpg 2560w, https:\/\/hallehilfthaiti.com\/wp-content\/uploads\/2025\/09\/1739292900308-2-300x226.jpg 300w, https:\/\/hallehilfthaiti.com\/wp-content\/uploads\/2025\/09\/1739292900308-2-1024x771.jpg 1024w, https:\/\/hallehilfthaiti.com\/wp-content\/uploads\/2025\/09\/1739292900308-2-768x578.jpg 768w, https:\/\/hallehilfthaiti.com\/wp-content\/uploads\/2025\/09\/1739292900308-2-1536x1157.jpg 1536w, https:\/\/hallehilfthaiti.com\/wp-content\/uploads\/2025\/09\/1739292900308-2-2048x1542.jpg 2048w, https:\/\/hallehilfthaiti.com\/wp-content\/uploads\/2025\/09\/1739292900308-2-285x214.jpg 285w\" sizes=\"(max-width: 2560px) 100vw, 2560px\" \/><\/figure>\n\n\n\n<figure class=\"wp-block-image size-large\"><img loading=\"lazy\" width=\"2560\" height=\"1928\" data-id=\"946\"  src=\"https:\/\/hallehilfthaiti.com\/wp-content\/uploads\/2025\/09\/1739292880457-2-scaled.jpg\" alt=\"\" class=\"wp-image-946\" srcset=\"https:\/\/hallehilfthaiti.com\/wp-content\/uploads\/2025\/09\/1739292880457-2-scaled.jpg 2560w, https:\/\/hallehilfthaiti.com\/wp-content\/uploads\/2025\/09\/1739292880457-2-300x226.jpg 300w, https:\/\/hallehilfthaiti.com\/wp-content\/uploads\/2025\/09\/1739292880457-2-1024x771.jpg 1024w, https:\/\/hallehilfthaiti.com\/wp-content\/uploads\/2025\/09\/1739292880457-2-768x578.jpg 768w, https:\/\/hallehilfthaiti.com\/wp-content\/uploads\/2025\/09\/1739292880457-2-1536x1157.jpg 1536w, https:\/\/hallehilfthaiti.com\/wp-content\/uploads\/2025\/09\/1739292880457-2-2048x1542.jpg 2048w, https:\/\/hallehilfthaiti.com\/wp-content\/uploads\/2025\/09\/1739292880457-2-285x214.jpg 285w\" sizes=\"(max-width: 2560px) 100vw, 2560px\" \/><\/figure>\n<figcaption class=\"blocks-gallery-caption\">Im nun fast fertigen Labor in Cap Haitie l\u00e4uft die Ausbildung vor Ort<\/figcaption><\/figure>\n\n\n\n<figure class=\"wp-block-gallery has-nested-images columns-default is-cropped\">\n<figure class=\"wp-block-image size-large\"><img loading=\"lazy\" width=\"768\" height=\"1024\" data-id=\"1018\"  src=\"https:\/\/hallehilfthaiti.com\/wp-content\/uploads\/2025\/09\/IMG-20230901-WA00081.jpg\" alt=\"\" class=\"wp-image-1018\" srcset=\"https:\/\/hallehilfthaiti.com\/wp-content\/uploads\/2025\/09\/IMG-20230901-WA00081.jpg 768w, https:\/\/hallehilfthaiti.com\/wp-content\/uploads\/2025\/09\/IMG-20230901-WA00081-225x300.jpg 225w\" sizes=\"(max-width: 768px) 100vw, 768px\" \/><\/figure>\n\n\n\n<figure class=\"wp-block-image size-large\"><img loading=\"lazy\" width=\"1024\" height=\"768\" data-id=\"1017\"  src=\"https:\/\/hallehilfthaiti.com\/wp-content\/uploads\/2025\/09\/IMG-20230901-WA0007.jpg\" alt=\"\" class=\"wp-image-1017\" srcset=\"https:\/\/hallehilfthaiti.com\/wp-content\/uploads\/2025\/09\/IMG-20230901-WA0007.jpg 1024w, https:\/\/hallehilfthaiti.com\/wp-content\/uploads\/2025\/09\/IMG-20230901-WA0007-300x225.jpg 300w, https:\/\/hallehilfthaiti.com\/wp-content\/uploads\/2025\/09\/IMG-20230901-WA0007-768x576.jpg 768w, https:\/\/hallehilfthaiti.com\/wp-content\/uploads\/2025\/09\/IMG-20230901-WA0007-285x214.jpg 285w\" sizes=\"(max-width: 1024px) 100vw, 1024px\" \/><\/figure>\n\n\n\n<figure class=\"wp-block-image size-large\"><img loading=\"lazy\" width=\"1920\" height=\"1080\" data-id=\"1019\"  src=\"https:\/\/hallehilfthaiti.com\/wp-content\/uploads\/2025\/09\/IMG-20230902-WA00041.jpeg\" alt=\"\" class=\"wp-image-1019\" srcset=\"https:\/\/hallehilfthaiti.com\/wp-content\/uploads\/2025\/09\/IMG-20230902-WA00041.jpeg 1920w, https:\/\/hallehilfthaiti.com\/wp-content\/uploads\/2025\/09\/IMG-20230902-WA00041-300x169.jpeg 300w, https:\/\/hallehilfthaiti.com\/wp-content\/uploads\/2025\/09\/IMG-20230902-WA00041-1024x576.jpeg 1024w, https:\/\/hallehilfthaiti.com\/wp-content\/uploads\/2025\/09\/IMG-20230902-WA00041-768x432.jpeg 768w, https:\/\/hallehilfthaiti.com\/wp-content\/uploads\/2025\/09\/IMG-20230902-WA00041-1536x864.jpeg 1536w\" sizes=\"(max-width: 1920px) 100vw, 1920px\" \/><\/figure>\n<figcaption class=\"blocks-gallery-caption\">F\u00fcr den Unterricht von Deutschland aus wird Starlink f\u00fcr eine Videokonferenzschaltung montiert<\/figcaption><\/figure>\n\n\n\n<figure class=\"wp-block-video\"><video controls src=\"https:\/\/hallehilfthaiti.com\/wp-content\/uploads\/2025\/09\/VID-20250917-WA0000-3.mp4\"><\/video><figcaption>Unser Azubi der jeweils 3 Monate im Jahr im Labor in Halle Saale ausgebildet wird hat immer Verbindung ins Labor Cap Haitien<\/figcaption><\/figure>\n\n\n\n<p><\/p>\n","protected":false},"excerpt":{"rendered":"<p>2024 und 2025 viel ist passiert Wir konnten in diesen 2 Jahren viel erreichen. R\u00e4umlichkeiten f\u00fcr ein Dentallabor wurden errichtet und konnten mit Arbeitstischen und Dentalger\u00e4ten ausgestattet werden. Die Ausbildung begann im Januar 24 vor Ort und auch in Halle Saale. Dazu wurde Starlink montiert f\u00fcr eine Konferenzschaltung zwischen Cap Haitien und Halle Saale.<\/p>\n","protected":false},"author":1,"featured_media":0,"parent":0,"menu_order":0,"comment_status":"closed","ping_status":"closed","template":"template-fullwidth-no-title.php","meta":[],"_links":{"self":[{"href":"https:\/\/hallehilfthaiti.com\/index.php?rest_route=\/wp\/v2\/pages\/834"}],"collection":[{"href":"https:\/\/hallehilfthaiti.com\/index.php?rest_route=\/wp\/v2\/pages"}],"about":[{"href":"https:\/\/hallehilfthaiti.com\/index.php?rest_route=\/wp\/v2\/types\/page"}],"author":[{"embeddable":true,"href":"https:\/\/hallehilfthaiti.com\/index.php?rest_route=\/wp\/v2\/users\/1"}],"replies":[{"embeddable":true,"href":"https:\/\/hallehilfthaiti.com\/index.php?rest_route=%2Fwp%2Fv2%2Fcomments&post=834"}],"version-history":[{"count":6,"href":"https:\/\/hallehilfthaiti.com\/index.php?rest_route=\/wp\/v2\/pages\/834\/revisions"}],"predecessor-version":[{"id":1034,"href":"https:\/\/hallehilfthaiti.com\/index.php?rest_route=\/wp\/v2\/pages\/834\/revisions\/1034"}],"wp:attachment":[{"href":"https:\/\/hallehilfthaiti.com\/index.php?rest_route=%2Fwp%2Fv2%2Fmedia&parent=834"}],"curies":[{"name":"wp","href":"https:\/\/api.w.org\/{rel}","templated":true}]}}