{"id":50,"date":"2016-02-25T11:42:28","date_gmt":"2016-02-25T11:42:28","guid":{"rendered":"http:\/\/hallehilfthaiti.com\/?page_id=50"},"modified":"2017-08-09T12:59:26","modified_gmt":"2017-08-09T12:59:26","slug":"verein","status":"publish","type":"page","link":"https:\/\/hallehilfthaiti.com\/?page_id=50","title":{"rendered":"Verein"},"content":{"rendered":"<div class=\"su-row\">\n<div class=\"su-column su-column-size-1-2\"><div class=\"su-column-inner su-u-clearfix su-u-trim\">\n<p>Unser Verein ist ein Zusammenschluss von Zahn\u00e4rzten und Zahntechnikern die sich der freiwilligen Hilfe verbunden f\u00fchlen. Beeindruckt von der Not der Bev\u00f6lkerung auf Haiti und durch erste positive Erfahrungen haben einige Zahn\u00e4rzte und Zahntechniker aus Halle den Verein HHH - Halle hilft Haiti Dental Art Projekt gegr\u00fcndet. Unser Ziel ist, die zahn\u00e4rztliche Grundversorgung der \u00e4rmsten Bev\u00f6lkerungschichten Haitis zu verbessern, sowie station\u00e4re zahntechnische Labore einzurichten.<\/p>\n<div class=\"su-animate\" style=\"opacity:0;-webkit-animation-duration:1s;-webkit-animation-delay:1s;animation-duration:1s;animation-delay:1s;\" data-animation=\"bounceIn\" data-duration=\"1\" data-delay=\"1\"><div class=\"su-note\"  style=\"border-color:#bebebe;border-radius:3px;-moz-border-radius:3px;-webkit-border-radius:3px;\"><div class=\"su-note-inner su-u-clearfix su-u-trim\" style=\"background-color:#D8D8D8;border-color:#ffffff;color:#333333;border-radius:3px;-moz-border-radius:3px;-webkit-border-radius:3px;\"> Halle hilft Haiti <\/div><\/div> <\/div>\n<p>Im Oktober 2014 erfuhr Ralf Thum, selbst\u00e4ndiger Zahntechniker in Halle, vom katastrophalen Zustand der Krankenh\u00e4user und sonstigen medizinischen Einrichtungen auf Haiti. Denn noch immer hat sich der Inselstaat vom schwersten Erdbeben Nord- und S\u00fcdamerikas im Januar 2010 nicht erholt. Damals kamen 250 000 Menschen ums Leben und weitere 1,8 Millionen Haitianer wurden obdachlos. Das ist rund ein Drittel der Bev\u00f6lkerung des Landes, das zu den \u00e4rmsten der westlichen Hemisph\u00e4re geh\u00f6rt. Auch seine Infrastruktur war weitgehend zerst\u00f6rt.<\/p>\n<p>Vom Elend Haitis hatte dem halleschen Zahntechniker der Zahnarzt Tobias Bauer aus Baden-W\u00fcrttemberg berichtet. Er vertritt die \u201eDental International Aid Networking Organisation\u201c (DIANO). Diese ist ein freiwilliger Zusammenschluss von Zahn\u00e4rzten und Zahntechnikern, denen es darum geht, durch Zusammenarbeit und Vernetzung mit unterschiedlichen Hilfsorganisationen direkte Hilfe zu leisten bzw. entsprechende medizinische und technische Aktivit\u00e4ten zu unterst\u00fctzen.<\/p>\n<\/div><\/div>\n<div class=\"su-column su-column-size-1-2\"><div class=\"su-column-inner su-u-clearfix su-u-trim\">\n<p>Im April 2015 nahm Zahntechniker Ralf Thum gemeinsam mit zwei Zahn\u00e4rzten an einem einw\u00f6chigen Hilfseinsatz von Freiwilligen aus dem Dentalbereich teil, den Tobias Bauer f\u00fcr Haiti organisiert hatte. Ausgangspunkt war die Missionsstation \u201eSantiago De Loscaballeros\u201c in der Dominikanischen Republik. Von dort aus ging es in abgelegene D\u00f6rfer und Fl\u00fcchtlingslager. Diesen gesamten Hilfseinsatz (Anreise, technisches Ger\u00e4t und sonstiges Material) finanzierten die Teilnehmer selbst. Die Behandlungen vor Ort geschahen unter schwierigen Bedingungen und mit einfachsten Mitteln. H\u00e4ufig musste improvisiert werden. Die Patienten kamen aus den \u00e4rmsten Bev\u00f6lkerungsschichten Haitis. Es wurden vor allem Z\u00e4hne extrahiert, F\u00fcllungen gesetzt, Zahnstein entfernt sowie Abdr\u00fccke zur Herstellung einfachen Zahnersatzes genommen. Sogar acht Kunststoffprothesen konnten gefertigt werden. Belohnt wurde dieser zahn\u00e4rztliche und zahntechnische Hilfseinsatz unter schwierigen Arbeits- und Aufenthaltsbedingungen schlie\u00dflich durch die \u00fcberw\u00e4ltigende Dankbarkeit der Behandelten und ihrer Angeh\u00f6rigen.<\/p>\n<div class=\"su-animate\" style=\"opacity:0;-webkit-animation-duration:1s;-webkit-animation-delay:1s;animation-duration:1s;animation-delay:1s;\" data-animation=\"bounceIn\" data-duration=\"1\" data-delay=\"1\"><div class=\"su-note\"  style=\"border-color:#bebebe;border-radius:3px;-moz-border-radius:3px;-webkit-border-radius:3px;\"><div class=\"su-note-inner su-u-clearfix su-u-trim\" style=\"background-color:#D8D8D8;border-color:#ffffff;color:#333333;border-radius:3px;-moz-border-radius:3px;-webkit-border-radius:3px;\"> DentalAidProjekt gegr\u00fcndet <\/div><\/div> <\/div>\n<p>Beeindruckt von der Not der Bev\u00f6lkerung und diesen ersten positiven Erfahrungen haben einige Zahn\u00e4rzte und Zahntechniker aus Halle (Saale) den Verein HHH - Halle hilft Haiti Dental Art Projekt, gegr\u00fcndet. Ziel ist, die zahn\u00e4rztliche Grundversorgung zu verbessern sowie station\u00e4re zahntechnische Labore einzurichten zur besseren Ausstattung mit Zahnersatz.<\/p>\n<p>Die Vereinsmitglieder sind entschlossen, mit hohem pers\u00f6nlichem Einsatz weitere dringend notwendige Hilfsaktionen durchzuf\u00fchren. Dazu brauchen sie nicht nur finanzielle Unterst\u00fctzung sondern auch Sachspenden. Um beides bitten sie daher. Zugleich sucht der Verein F\u00f6rdermitglieder, die sich aktiv und finanziell in den Dienst dieser Initiative zum Wohl der notleidenden Haitianer stellen.<\/p>\n<\/div><\/div>\n<\/div>\n","protected":false},"excerpt":{"rendered":"","protected":false},"author":1,"featured_media":0,"parent":0,"menu_order":0,"comment_status":"closed","ping_status":"closed","template":"template-fullwidth.php","meta":[],"_links":{"self":[{"href":"https:\/\/hallehilfthaiti.com\/index.php?rest_route=\/wp\/v2\/pages\/50"}],"collection":[{"href":"https:\/\/hallehilfthaiti.com\/index.php?rest_route=\/wp\/v2\/pages"}],"about":[{"href":"https:\/\/hallehilfthaiti.com\/index.php?rest_route=\/wp\/v2\/types\/page"}],"author":[{"embeddable":true,"href":"https:\/\/hallehilfthaiti.com\/index.php?rest_route=\/wp\/v2\/users\/1"}],"replies":[{"embeddable":true,"href":"https:\/\/hallehilfthaiti.com\/index.php?rest_route=%2Fwp%2Fv2%2Fcomments&post=50"}],"version-history":[{"count":25,"href":"https:\/\/hallehilfthaiti.com\/index.php?rest_route=\/wp\/v2\/pages\/50\/revisions"}],"predecessor-version":[{"id":409,"href":"https:\/\/hallehilfthaiti.com\/index.php?rest_route=\/wp\/v2\/pages\/50\/revisions\/409"}],"wp:attachment":[{"href":"https:\/\/hallehilfthaiti.com\/index.php?rest_route=%2Fwp%2Fv2%2Fmedia&parent=50"}],"curies":[{"name":"wp","href":"https:\/\/api.w.org\/{rel}","templated":true}]}}