{"id":325,"date":"2017-06-14T17:43:15","date_gmt":"2017-06-14T17:43:15","guid":{"rendered":"http:\/\/hallehilfthaiti.com\/?page_id=325"},"modified":"2025-09-18T11:41:33","modified_gmt":"2025-09-18T11:41:33","slug":"unterstuetzer","status":"publish","type":"page","link":"https:\/\/hallehilfthaiti.com\/?page_id=325","title":{"rendered":"Unterst\u00fctzer"},"content":{"rendered":"<p>\u00a0<\/p>\n<p>Th\u00fcringer spenden 400 Euro f\u00fcr den Verein<\/p>\n<p>\u00a0<\/p>\n<p>Manfred Zimmermann (rechts im Bild) aus Weimar verzichtete zu seinem Geburtstag im November 2016 auf Geschenke und startete stattdessen eine Spendenaktion f\u00fcr den Verein HalleHilftHaiti. Mit Hilfe seiner zahlreich erschienenen Freunde konnten so 400 Euro gesammelt werden. HalleHilftHaiti m\u00f6chte sich noch einmal recht herzlich bei Manfredo und seinen spendefreudigen G\u00e4sten bedanken. Das Geld wurde bereits zum Kauf von 10 Artikulatoren und 2 Keramik\u00f6fen ausgegeben, die nach dem Transport nach Haiti f\u00fcr die Ausbildung von Zahntechnikern eingesetzt werden. Am 29. April 2017 geht es damit nach Port au Prince, Haiti.<\/p>\n[<\/p>\n<p><img loading=\"lazy\" class=\"alignnone size-medium wp-image-332\" src=\"https:\/\/hallehilfthaiti.com\/wp-content\/uploads\/2017\/06\/18118925_1522244241133478_3472510134530082093_n-e1502360466685-243x300.jpg\" alt=\"\" width=\"243\" height=\"300\" srcset=\"https:\/\/hallehilfthaiti.com\/wp-content\/uploads\/2017\/06\/18118925_1522244241133478_3472510134530082093_n-e1502360466685-243x300.jpg 243w, https:\/\/hallehilfthaiti.com\/wp-content\/uploads\/2017\/06\/18118925_1522244241133478_3472510134530082093_n-e1502360466685.jpg 487w\" sizes=\"(max-width: 243px) 100vw, 243px\" \/><\/p>\n<p>\u00a0<\/p>\n<p>Sachspende durch Frau und Herr Dr. S\u00fcrmann aus G\u00f6ttingen vom HDZ<\/p>\n<p>\u00a0<\/p>\n<p>F\u00fcr unser Ausbildungsprogramm in Haiti bekommen wir tatkr\u00e4ftige Unterst\u00fctzung von Frau und Herrn Dr. S\u00fcrmann vom Hilfswerk Deutscher Zahn\u00e4rzte aus G\u00f6ttingen. S<span class=\"text_exposed_show\">ie spenden uns viele notwendige zahnmedizinische und zahntechnische Ger\u00e4te und Materialien f\u00fcr unser Ausbildungsprojekt. Gro\u00dfer Dank von Halle Hilft Haiti<\/span>! Am 23. August 2017 gehen die gespendeten Sachen im Rahmen unseres n\u00e4chsten Einsatzes nach Port au Prince, Haiti.<\/p>\n<p>\u00a0<\/p>\n<p><img loading=\"lazy\" class=\"alignnone size-medium wp-image-427\" src=\"https:\/\/hallehilfthaiti.com\/wp-content\/uploads\/2017\/06\/Dr-Suermann-257x300.jpg\" alt=\"\" width=\"257\" height=\"300\" srcset=\"https:\/\/hallehilfthaiti.com\/wp-content\/uploads\/2017\/06\/Dr-Suermann-257x300.jpg 257w, https:\/\/hallehilfthaiti.com\/wp-content\/uploads\/2017\/06\/Dr-Suermann.jpg 720w\" sizes=\"(max-width: 257px) 100vw, 257px\" \/><\/p>\n\n\n<h2>Das Hilfswerk Deutscher Zahn\u00e4rzte unterst\u00fctzt uns finanziell<\/h2>\n\n\n\n<p>Das HDZ hat unser Ausbildungsprojekt Errichtung eines Dentallabores und Ausbildung junger Haitianer zum Zahntechniker bzw. Zahntechnikerinnen f\u00fcr die ersten beiden Ausbildungsjahre 2023 und 2024 mit \u00fcber 18000,00 Euro unterst\u00fctzt, so da\u00df wir unser Programm Ausbildung vor Ort und Ausbildung \u00fcber Internet erfolgreich weiterf\u00fchren konnten.<\/p>\n\n\n\n<figure class=\"wp-block-image size-large\"><img loading=\"lazy\" width=\"1024\" height=\"771\" src=\"https:\/\/hallehilfthaiti.com\/wp-content\/uploads\/2025\/09\/1739292880457-1024x771.jpg\" alt=\"\" class=\"wp-image-876\" srcset=\"https:\/\/hallehilfthaiti.com\/wp-content\/uploads\/2025\/09\/1739292880457-1024x771.jpg 1024w, https:\/\/hallehilfthaiti.com\/wp-content\/uploads\/2025\/09\/1739292880457-300x226.jpg 300w, https:\/\/hallehilfthaiti.com\/wp-content\/uploads\/2025\/09\/1739292880457-768x578.jpg 768w, https:\/\/hallehilfthaiti.com\/wp-content\/uploads\/2025\/09\/1739292880457-1536x1157.jpg 1536w, https:\/\/hallehilfthaiti.com\/wp-content\/uploads\/2025\/09\/1739292880457-2048x1542.jpg 2048w, https:\/\/hallehilfthaiti.com\/wp-content\/uploads\/2025\/09\/1739292880457-285x214.jpg 285w\" sizes=\"(max-width: 1024px) 100vw, 1024px\" \/><\/figure>\n\n\n\n<figure class=\"wp-block-image size-large\"><img loading=\"lazy\" width=\"1024\" height=\"462\" src=\"https:\/\/hallehilfthaiti.com\/wp-content\/uploads\/2025\/09\/IMG_20250527_095132-1024x462.jpg\" alt=\"\" class=\"wp-image-877\" srcset=\"https:\/\/hallehilfthaiti.com\/wp-content\/uploads\/2025\/09\/IMG_20250527_095132-1024x462.jpg 1024w, https:\/\/hallehilfthaiti.com\/wp-content\/uploads\/2025\/09\/IMG_20250527_095132-300x135.jpg 300w, https:\/\/hallehilfthaiti.com\/wp-content\/uploads\/2025\/09\/IMG_20250527_095132-768x346.jpg 768w, https:\/\/hallehilfthaiti.com\/wp-content\/uploads\/2025\/09\/IMG_20250527_095132-1536x693.jpg 1536w, https:\/\/hallehilfthaiti.com\/wp-content\/uploads\/2025\/09\/IMG_20250527_095132-2048x924.jpg 2048w\" sizes=\"(max-width: 1024px) 100vw, 1024px\" \/><\/figure>\n\n\n\n<figure class=\"wp-block-image size-large\"><img loading=\"lazy\" width=\"771\" height=\"1024\" src=\"https:\/\/hallehilfthaiti.com\/wp-content\/uploads\/2025\/09\/1739295009258-771x1024.jpg\" alt=\"\" class=\"wp-image-878\" srcset=\"https:\/\/hallehilfthaiti.com\/wp-content\/uploads\/2025\/09\/1739295009258-771x1024.jpg 771w, https:\/\/hallehilfthaiti.com\/wp-content\/uploads\/2025\/09\/1739295009258-226x300.jpg 226w, https:\/\/hallehilfthaiti.com\/wp-content\/uploads\/2025\/09\/1739295009258-768x1020.jpg 768w, https:\/\/hallehilfthaiti.com\/wp-content\/uploads\/2025\/09\/1739295009258-1157x1536.jpg 1157w, https:\/\/hallehilfthaiti.com\/wp-content\/uploads\/2025\/09\/1739295009258-1542x2048.jpg 1542w, https:\/\/hallehilfthaiti.com\/wp-content\/uploads\/2025\/09\/1739295009258-scaled.jpg 1928w\" sizes=\"(max-width: 771px) 100vw, 771px\" \/><\/figure>\n\n\n\n<figure class=\"wp-block-image size-large\"><img loading=\"lazy\" width=\"1024\" height=\"771\" src=\"https:\/\/hallehilfthaiti.com\/wp-content\/uploads\/2025\/09\/1739292772285-1024x771.jpg\" alt=\"\" class=\"wp-image-879\" srcset=\"https:\/\/hallehilfthaiti.com\/wp-content\/uploads\/2025\/09\/1739292772285-1024x771.jpg 1024w, https:\/\/hallehilfthaiti.com\/wp-content\/uploads\/2025\/09\/1739292772285-300x226.jpg 300w, https:\/\/hallehilfthaiti.com\/wp-content\/uploads\/2025\/09\/1739292772285-768x578.jpg 768w, https:\/\/hallehilfthaiti.com\/wp-content\/uploads\/2025\/09\/1739292772285-1536x1157.jpg 1536w, https:\/\/hallehilfthaiti.com\/wp-content\/uploads\/2025\/09\/1739292772285-2048x1542.jpg 2048w, https:\/\/hallehilfthaiti.com\/wp-content\/uploads\/2025\/09\/1739292772285-285x214.jpg 285w\" sizes=\"(max-width: 1024px) 100vw, 1024px\" \/><\/figure>\n\n\n\n<figure class=\"wp-block-image size-large\"><img loading=\"lazy\" width=\"1024\" height=\"771\" src=\"https:\/\/hallehilfthaiti.com\/wp-content\/uploads\/2025\/09\/1739292900308-1024x771.jpg\" alt=\"\" class=\"wp-image-880\" srcset=\"https:\/\/hallehilfthaiti.com\/wp-content\/uploads\/2025\/09\/1739292900308-1024x771.jpg 1024w, https:\/\/hallehilfthaiti.com\/wp-content\/uploads\/2025\/09\/1739292900308-300x226.jpg 300w, https:\/\/hallehilfthaiti.com\/wp-content\/uploads\/2025\/09\/1739292900308-768x578.jpg 768w, https:\/\/hallehilfthaiti.com\/wp-content\/uploads\/2025\/09\/1739292900308-1536x1157.jpg 1536w, https:\/\/hallehilfthaiti.com\/wp-content\/uploads\/2025\/09\/1739292900308-2048x1542.jpg 2048w, https:\/\/hallehilfthaiti.com\/wp-content\/uploads\/2025\/09\/1739292900308-285x214.jpg 285w\" sizes=\"(max-width: 1024px) 100vw, 1024px\" \/><\/figure>\n\n\n\n<h2>Grosse Unterst\u00fctzung auch vom ehemaligen Dentallabor Schnabel aus Marktredwitz<\/h2>\n\n\n\n<p>sie spendeten im Jahr 2020 Arbeitspl\u00e4tze ,St\u00fchle und verschiedene zahntechnische Ger\u00e4te , welche nun in Cap Haitien aufgebaut wurden und f\u00fcr unsere Ausbildung und Errichtung des Dentallabors sehr wichtig waren. Nochmals vielen Dank daf\u00fcr. <\/p>\n\n\n\n<figure class=\"wp-block-image size-large\"><img loading=\"lazy\" width=\"1024\" height=\"768\" src=\"https:\/\/hallehilfthaiti.com\/wp-content\/uploads\/2025\/09\/20200121_102640-1024x768.jpg\" alt=\"\" class=\"wp-image-883\" srcset=\"https:\/\/hallehilfthaiti.com\/wp-content\/uploads\/2025\/09\/20200121_102640-1024x768.jpg 1024w, https:\/\/hallehilfthaiti.com\/wp-content\/uploads\/2025\/09\/20200121_102640-300x225.jpg 300w, https:\/\/hallehilfthaiti.com\/wp-content\/uploads\/2025\/09\/20200121_102640-768x576.jpg 768w, https:\/\/hallehilfthaiti.com\/wp-content\/uploads\/2025\/09\/20200121_102640-1536x1152.jpg 1536w, https:\/\/hallehilfthaiti.com\/wp-content\/uploads\/2025\/09\/20200121_102640-2048x1536.jpg 2048w, https:\/\/hallehilfthaiti.com\/wp-content\/uploads\/2025\/09\/20200121_102640-285x214.jpg 285w\" sizes=\"(max-width: 1024px) 100vw, 1024px\" \/><\/figure>\n\n\n\n<figure class=\"wp-block-image size-large\"><img loading=\"lazy\" width=\"1024\" height=\"768\" src=\"https:\/\/hallehilfthaiti.com\/wp-content\/uploads\/2025\/09\/20200121_120944-1-1024x768.jpg\" alt=\"\" class=\"wp-image-884\" srcset=\"https:\/\/hallehilfthaiti.com\/wp-content\/uploads\/2025\/09\/20200121_120944-1-1024x768.jpg 1024w, https:\/\/hallehilfthaiti.com\/wp-content\/uploads\/2025\/09\/20200121_120944-1-300x225.jpg 300w, https:\/\/hallehilfthaiti.com\/wp-content\/uploads\/2025\/09\/20200121_120944-1-768x576.jpg 768w, https:\/\/hallehilfthaiti.com\/wp-content\/uploads\/2025\/09\/20200121_120944-1-1536x1152.jpg 1536w, https:\/\/hallehilfthaiti.com\/wp-content\/uploads\/2025\/09\/20200121_120944-1-2048x1536.jpg 2048w, https:\/\/hallehilfthaiti.com\/wp-content\/uploads\/2025\/09\/20200121_120944-1-285x214.jpg 285w\" sizes=\"(max-width: 1024px) 100vw, 1024px\" \/><\/figure>\n\n\n\n<figure class=\"wp-block-image size-large\"><img loading=\"lazy\" width=\"1024\" height=\"768\" src=\"https:\/\/hallehilfthaiti.com\/wp-content\/uploads\/2025\/09\/20200125_154616-1024x768.jpg\" alt=\"\" class=\"wp-image-885\" srcset=\"https:\/\/hallehilfthaiti.com\/wp-content\/uploads\/2025\/09\/20200125_154616-1024x768.jpg 1024w, https:\/\/hallehilfthaiti.com\/wp-content\/uploads\/2025\/09\/20200125_154616-300x225.jpg 300w, https:\/\/hallehilfthaiti.com\/wp-content\/uploads\/2025\/09\/20200125_154616-768x576.jpg 768w, https:\/\/hallehilfthaiti.com\/wp-content\/uploads\/2025\/09\/20200125_154616-1536x1152.jpg 1536w, https:\/\/hallehilfthaiti.com\/wp-content\/uploads\/2025\/09\/20200125_154616-2048x1536.jpg 2048w, https:\/\/hallehilfthaiti.com\/wp-content\/uploads\/2025\/09\/20200125_154616-285x214.jpg 285w\" sizes=\"(max-width: 1024px) 100vw, 1024px\" \/><\/figure>\n\n\n\n<figure class=\"wp-block-image size-large\"><img loading=\"lazy\" width=\"1024\" height=\"768\" src=\"https:\/\/hallehilfthaiti.com\/wp-content\/uploads\/2025\/09\/20200317_164026-1024x768.jpg\" alt=\"\" class=\"wp-image-886\" srcset=\"https:\/\/hallehilfthaiti.com\/wp-content\/uploads\/2025\/09\/20200317_164026-1024x768.jpg 1024w, https:\/\/hallehilfthaiti.com\/wp-content\/uploads\/2025\/09\/20200317_164026-300x225.jpg 300w, https:\/\/hallehilfthaiti.com\/wp-content\/uploads\/2025\/09\/20200317_164026-768x576.jpg 768w, https:\/\/hallehilfthaiti.com\/wp-content\/uploads\/2025\/09\/20200317_164026-1536x1152.jpg 1536w, https:\/\/hallehilfthaiti.com\/wp-content\/uploads\/2025\/09\/20200317_164026-2048x1536.jpg 2048w, https:\/\/hallehilfthaiti.com\/wp-content\/uploads\/2025\/09\/20200317_164026-285x214.jpg 285w\" sizes=\"(max-width: 1024px) 100vw, 1024px\" \/><\/figure>\n\n\n\n<h2> Unterst\u00fctzung auch f\u00fcr Quartier und Verpflegung<\/h2>\n\n\n\n<p>Vielen Dank auch f\u00fcr die Unterst\u00fctzung an Kirsten Fruhnert und Ralf Thum , welche im Ausbildungsquartal 2024 und 2025 die Kosten f\u00fcr \u00dcbernachtung und Verpflegung eines Azubis f\u00fcr die Monate Juni &#8211; August in Halle an der Saale  \u00fcbernahmen.   So war es m\u00f6glich eine Ausbildung im Dentallabor Ralf Thum zu erm\u00f6glichen. Das Gelernte nimmt er nun mit nach Haiti, um es weiter zu \u00fcben.<\/p>\n\n\n\n<figure class=\"wp-block-image size-large\"><img loading=\"lazy\" width=\"768\" height=\"1024\" src=\"https:\/\/hallehilfthaiti.com\/wp-content\/uploads\/2025\/09\/20220325_190652-768x1024.jpg\" alt=\"\" class=\"wp-image-889\" srcset=\"https:\/\/hallehilfthaiti.com\/wp-content\/uploads\/2025\/09\/20220325_190652-768x1024.jpg 768w, https:\/\/hallehilfthaiti.com\/wp-content\/uploads\/2025\/09\/20220325_190652-225x300.jpg 225w, https:\/\/hallehilfthaiti.com\/wp-content\/uploads\/2025\/09\/20220325_190652-1152x1536.jpg 1152w, https:\/\/hallehilfthaiti.com\/wp-content\/uploads\/2025\/09\/20220325_190652-1536x2048.jpg 1536w, https:\/\/hallehilfthaiti.com\/wp-content\/uploads\/2025\/09\/20220325_190652-scaled.jpg 1920w\" sizes=\"(max-width: 768px) 100vw, 768px\" \/><\/figure>\n\n\n\n<figure class=\"wp-block-image size-large\"><img loading=\"lazy\" width=\"1024\" height=\"771\" src=\"https:\/\/hallehilfthaiti.com\/wp-content\/uploads\/2025\/09\/1723461687036-1024x771.jpg\" alt=\"\" class=\"wp-image-890\" srcset=\"https:\/\/hallehilfthaiti.com\/wp-content\/uploads\/2025\/09\/1723461687036-1024x771.jpg 1024w, https:\/\/hallehilfthaiti.com\/wp-content\/uploads\/2025\/09\/1723461687036-300x226.jpg 300w, https:\/\/hallehilfthaiti.com\/wp-content\/uploads\/2025\/09\/1723461687036-768x578.jpg 768w, https:\/\/hallehilfthaiti.com\/wp-content\/uploads\/2025\/09\/1723461687036-1536x1157.jpg 1536w, https:\/\/hallehilfthaiti.com\/wp-content\/uploads\/2025\/09\/1723461687036-2048x1542.jpg 2048w, https:\/\/hallehilfthaiti.com\/wp-content\/uploads\/2025\/09\/1723461687036-285x214.jpg 285w\" sizes=\"(max-width: 1024px) 100vw, 1024px\" \/><\/figure>\n\n\n\n<figure class=\"wp-block-image size-large\"><img loading=\"lazy\" width=\"771\" height=\"1024\" src=\"https:\/\/hallehilfthaiti.com\/wp-content\/uploads\/2025\/09\/1723461716923-771x1024.jpg\" alt=\"\" class=\"wp-image-891\" srcset=\"https:\/\/hallehilfthaiti.com\/wp-content\/uploads\/2025\/09\/1723461716923-771x1024.jpg 771w, https:\/\/hallehilfthaiti.com\/wp-content\/uploads\/2025\/09\/1723461716923-226x300.jpg 226w, https:\/\/hallehilfthaiti.com\/wp-content\/uploads\/2025\/09\/1723461716923-768x1020.jpg 768w, https:\/\/hallehilfthaiti.com\/wp-content\/uploads\/2025\/09\/1723461716923-1157x1536.jpg 1157w, https:\/\/hallehilfthaiti.com\/wp-content\/uploads\/2025\/09\/1723461716923-1542x2048.jpg 1542w, https:\/\/hallehilfthaiti.com\/wp-content\/uploads\/2025\/09\/1723461716923-scaled.jpg 1928w\" sizes=\"(max-width: 771px) 100vw, 771px\" \/><\/figure>\n\n\n\n<figure class=\"wp-block-image size-large\"><img loading=\"lazy\" width=\"771\" height=\"1024\" src=\"https:\/\/hallehilfthaiti.com\/wp-content\/uploads\/2025\/09\/1723461782655-771x1024.jpg\" alt=\"\" class=\"wp-image-892\" srcset=\"https:\/\/hallehilfthaiti.com\/wp-content\/uploads\/2025\/09\/1723461782655-771x1024.jpg 771w, https:\/\/hallehilfthaiti.com\/wp-content\/uploads\/2025\/09\/1723461782655-226x300.jpg 226w, https:\/\/hallehilfthaiti.com\/wp-content\/uploads\/2025\/09\/1723461782655-768x1020.jpg 768w, https:\/\/hallehilfthaiti.com\/wp-content\/uploads\/2025\/09\/1723461782655-1157x1536.jpg 1157w, https:\/\/hallehilfthaiti.com\/wp-content\/uploads\/2025\/09\/1723461782655-1542x2048.jpg 1542w, https:\/\/hallehilfthaiti.com\/wp-content\/uploads\/2025\/09\/1723461782655-scaled.jpg 1928w\" sizes=\"(max-width: 771px) 100vw, 771px\" \/><\/figure>\n","protected":false},"excerpt":{"rendered":"<p>\u00a0 Th\u00fcringer spenden 400 Euro f\u00fcr den Verein \u00a0 Manfred Zimmermann (rechts im Bild) aus Weimar verzichtete zu seinem Geburtstag im November 2016 auf Geschenke und startete stattdessen eine Spendenaktion f\u00fcr den Verein HalleHilftHaiti. Mit Hilfe seiner zahlreich erschienenen Freunde konnten so 400 Euro gesammelt werden. HalleHilftHaiti m\u00f6chte sich noch einmal recht herzlich bei Manfredo <a href=\"https:\/\/hallehilfthaiti.com\/?page_id=325\" rel=\"nofollow\"><span class=\"sr-only\">Read more about Unterst\u00fctzer<\/span>[&hellip;]<\/a><\/p>\n","protected":false},"author":1,"featured_media":0,"parent":0,"menu_order":0,"comment_status":"closed","ping_status":"closed","template":"","meta":[],"_links":{"self":[{"href":"https:\/\/hallehilfthaiti.com\/index.php?rest_route=\/wp\/v2\/pages\/325"}],"collection":[{"href":"https:\/\/hallehilfthaiti.com\/index.php?rest_route=\/wp\/v2\/pages"}],"about":[{"href":"https:\/\/hallehilfthaiti.com\/index.php?rest_route=\/wp\/v2\/types\/page"}],"author":[{"embeddable":true,"href":"https:\/\/hallehilfthaiti.com\/index.php?rest_route=\/wp\/v2\/users\/1"}],"replies":[{"embeddable":true,"href":"https:\/\/hallehilfthaiti.com\/index.php?rest_route=%2Fwp%2Fv2%2Fcomments&post=325"}],"version-history":[{"count":22,"href":"https:\/\/hallehilfthaiti.com\/index.php?rest_route=\/wp\/v2\/pages\/325\/revisions"}],"predecessor-version":[{"id":897,"href":"https:\/\/hallehilfthaiti.com\/index.php?rest_route=\/wp\/v2\/pages\/325\/revisions\/897"}],"wp:attachment":[{"href":"https:\/\/hallehilfthaiti.com\/index.php?rest_route=%2Fwp%2Fv2%2Fmedia&parent=325"}],"curies":[{"name":"wp","href":"https:\/\/api.w.org\/{rel}","templated":true}]}}